{"id":1311,"date":"2017-03-14T12:15:18","date_gmt":"2017-03-14T12:15:18","guid":{"rendered":"https:\/\/www.garbiprofesional.com\/new\/aviso-legal\/"},"modified":"2017-10-18T14:52:11","modified_gmt":"2017-10-18T14:52:11","slug":"aviso-legal","status":"publish","type":"page","link":"https:\/\/www.garbiprofesional.com\/ca\/aviso-legal\/","title":{"rendered":"Pol\u00edtica de privacitat y Av\u00eds legal"},"content":{"rendered":"<p><strong>1. IDENTITAT DEL TITULAR DEL WEB<\/strong><\/p>\n<p>La companyia titular de la Web \u00e9s Kartogroup Espa\u00f1a S.L.<\/p>\n<p><strong>2. ACCEPTACI\u00d3 DE LES CONDICIONS D\u2019\u00daS<\/strong><\/p>\n<p>Les presents Condicions (en endavant anomenades Av\u00eds Legal) tenen per objecte regular l\u2019\u00fas d\u2019aquesta Web que el seu titular posa a disposici\u00f3 del p\u00fablic en la present URL. La utilitzaci\u00f3 del web per un tercer li atribueix la condici\u00f3 d\u2019usuari i, suposa l\u2019acceptaci\u00f3 plena d\u2019aquest usuari, de totes i cadascuna de les condicions que s\u2019incorporen en el present Av\u00eds Legal. El titular del Web pot oferir a trav\u00e9s de la pr\u00f2pia web, serveis o productes que podran trobar sotmesos a unes condicions particulars pr\u00f2pies que, segons els casos, substitueixen, completen i \/ o modifiquen les presents Condicions, i sobre les quals s\u2019informar\u00e0 a l\u2019Usuari en cada cas concret.<\/p>\n<p><strong>3. PROPIETAT INTEL\u00b7LECTUAL I INDUSTRIAL<\/strong><\/p>\n<p>Tots els continguts del web, llevat que apareguin signats o siguin realitzats exclusivament pel seu autor, s\u00f3n titularitat exclusiva del titular del web o de tercers i, amb car\u00e0cter enunciatiu, que no limitatiu, el disseny gr\u00e0fic, codi font, logotips, textos , gr\u00e0fics, il \u00b7 lustracions, fotografies i altres elements que apareixen a la web. Igualment, tots els noms comercials, marques o signes distintius de qualsevol classe continguts en la Web estan protegits per la Llei, conferint al seu titular els drets que la llei de marques estableix. Si no s\u2019indica expressament el contrari, i amb l\u2019excepci\u00f3 dels clients de la web, els titulars d\u2019aquests drets es reconeix que reconeix la reproducci\u00f3, distribuci\u00f3, comercialitzaci\u00f3, transformaci\u00f3, i en general, qualsevol altra forma d\u2019explotaci\u00f3, per qualsevol procediment , de tot o part dels continguts d\u2019aquesta Web constitueix una infracci\u00f3 dels drets de propietat intel \u00b7 lectual i \/ o industrial del titular del Web o del titular dels mateixos, podent optar tant el titular de la marca com dels drets d\u2019autor en qualsevol moment a la seva retirada de la web.<\/p>\n<p><strong>4. R\u00c8GIM DE RESPONSABILITAT<\/strong><\/p>\n<p>L\u2019usuari \u00e9s l\u2019\u00fanic responsable de les infraccions en qu\u00e8 pugui inc\u00f3rrer o dels perjudicis que pugui causar per la utilitzaci\u00f3 del web, quedant el titular del Web, els seus socis, empreses del grup, col.laboradors, empleats i representants, exonerats de qualsevol classe de responsabilitat que es pogu\u00e9s derivar per les accions de l\u2019usuari. El titular de la web utilitzar\u00e0 tots els esfor\u00e7os i mitjans raonables per facilitar informaci\u00f3 actualitzada i fefaent en la Web, no obstant aix\u00f2, el titular de la web no assumeix cap garantia en relaci\u00f3 amb l\u2019abs\u00e8ncia d\u2019errors, o de possibles inexactituds i \/ o omissions en cap dels continguts accessibles a trav\u00e9s d\u2019aquesta web. L\u2019usuari \u00e9s l\u2019\u00fanic responsable davant qualsevol reclamaci\u00f3 o acci\u00f3 legal, judicial o extrajudicial, iniciada per terceres persones contra el titular del Web basat en la utilitzaci\u00f3 per l\u2019usuari de la web. Si s\u2019escau, l\u2019usuari assumir\u00e0 totes les despeses, costos i indemnitzacions siguin irrogats al titular del web amb motiu d\u2019aquestes reclamacions o accions legals.<\/p>\n<p><strong>5. POL\u00cdTICA RESPECTE A LES DADES PERSONALS OBTINGUDES A TRAV\u00c9S DEL WEB<\/strong><\/p>\n<p>Sense perjudici del previst en l\u2019indicat en cada un dels formularis del web, quan l\u2019Usuari faciliti les seves dades de car\u00e0cter personal est\u00e0 autoritzant directament al titular del web al tractament de les seves Dades Personals per a les finalitats que en els mateixos s\u2019indiquin.<\/p>\n<p><strong>6. LEGISLACI\u00d3 APLICABLE I COMPET\u00c8NCIA JURISDICCIONAL<\/strong><\/p>\n<p>Totes les controv\u00e8rsies o reclamacions sorgides de la interpretaci\u00f3 o execuci\u00f3 d\u2019aquest Av\u00eds Legal es regiran per la legislaci\u00f3 espanyola, i se sotmetran a la jurisdicci\u00f3 dels Jutjats i Tribunals de Barcelona.<\/p>\n<p>&nbsp;<\/p>\n","protected":false},"excerpt":{"rendered":"<p>1. IDENTITAT DEL TITULAR DEL WEB La companyia titular de la Web \u00e9s Kartogroup Espa\u00f1a S.L. 2. ACCEPTACI\u00d3 DE LES CONDICIONS D\u2019\u00daS Les presents Condicions (en endavant anomenades Av\u00eds Legal) tenen per objecte regular l\u2019\u00fas d\u2019aquesta Web que el seu titular posa a disposici\u00f3 del p\u00fablic en la present URL. La utilitzaci\u00f3 del web per [&hellip;]<\/p>\n","protected":false},"author":1,"featured_media":0,"parent":0,"menu_order":0,"comment_status":"closed","ping_status":"closed","template":"page-legales.php","meta":{"_acf_changed":false,"inline_featured_image":false,"footnotes":""},"class_list":["post-1311","page","type-page","status-publish","hentry"],"acf":[],"_links":{"self":[{"href":"https:\/\/www.garbiprofesional.com\/ca\/wp-json\/wp\/v2\/pages\/1311","targetHints":{"allow":["GET"]}}],"collection":[{"href":"https:\/\/www.garbiprofesional.com\/ca\/wp-json\/wp\/v2\/pages"}],"about":[{"href":"https:\/\/www.garbiprofesional.com\/ca\/wp-json\/wp\/v2\/types\/page"}],"author":[{"embeddable":true,"href":"https:\/\/www.garbiprofesional.com\/ca\/wp-json\/wp\/v2\/users\/1"}],"replies":[{"embeddable":true,"href":"https:\/\/www.garbiprofesional.com\/ca\/wp-json\/wp\/v2\/comments?post=1311"}],"version-history":[{"count":0,"href":"https:\/\/www.garbiprofesional.com\/ca\/wp-json\/wp\/v2\/pages\/1311\/revisions"}],"wp:attachment":[{"href":"https:\/\/www.garbiprofesional.com\/ca\/wp-json\/wp\/v2\/media?parent=1311"}],"curies":[{"name":"wp","href":"https:\/\/api.w.org\/{rel}","templated":true}]}}