{"id":3110,"date":"2022-07-10T15:11:55","date_gmt":"2022-07-10T15:11:55","guid":{"rendered":"https:\/\/www.garbiprofesional.com\/new\/product\/rollo-multiusos-xl-f1007\/"},"modified":"2025-04-07T09:17:58","modified_gmt":"2025-04-07T09:17:58","slug":"rotlle-multius-xl-f3117","status":"publish","type":"product","link":"https:\/\/www.garbiprofesional.com\/ca\/product\/rotlle-multius-xl-f3117\/","title":{"rendered":"ROTLLE MULTI\u00daS XL (FGA0150702)"},"content":{"rendered":"<p>Rotlle multi\u00fas de 70 m de gran resist\u00e8ncia i absorci\u00f3.<\/p>\n","protected":false},"excerpt":{"rendered":"<p>Rotlle multi\u00fas de 70 m de gran resist\u00e8ncia i absorci\u00f3.<\/p>\n","protected":false},"featured_media":2865,"comment_status":"open","ping_status":"closed","template":"","meta":{"_acf_changed":false,"inline_featured_image":false},"product_brand":[],"product_cat":[116],"product_tag":[],"class_list":{"0":"post-3110","1":"product","2":"type-product","3":"status-publish","4":"has-post-thumbnail","6":"product_cat-rotlles-cuina","8":"first","9":"instock","10":"featured","11":"shipping-taxable","12":"purchasable","13":"product-type-simple"},"acf":[],"_links":{"self":[{"href":"https:\/\/www.garbiprofesional.com\/ca\/wp-json\/wp\/v2\/product\/3110","targetHints":{"allow":["GET"]}}],"collection":[{"href":"https:\/\/www.garbiprofesional.com\/ca\/wp-json\/wp\/v2\/product"}],"about":[{"href":"https:\/\/www.garbiprofesional.com\/ca\/wp-json\/wp\/v2\/types\/product"}],"replies":[{"embeddable":true,"href":"https:\/\/www.garbiprofesional.com\/ca\/wp-json\/wp\/v2\/comments?post=3110"}],"wp:featuredmedia":[{"embeddable":true,"href":"https:\/\/www.garbiprofesional.com\/ca\/wp-json\/wp\/v2\/media\/2865"}],"wp:attachment":[{"href":"https:\/\/www.garbiprofesional.com\/ca\/wp-json\/wp\/v2\/media?parent=3110"}],"wp:term":[{"taxonomy":"product_brand","embeddable":true,"href":"https:\/\/www.garbiprofesional.com\/ca\/wp-json\/wp\/v2\/product_brand?post=3110"},{"taxonomy":"product_cat","embeddable":true,"href":"https:\/\/www.garbiprofesional.com\/ca\/wp-json\/wp\/v2\/product_cat?post=3110"},{"taxonomy":"product_tag","embeddable":true,"href":"https:\/\/www.garbiprofesional.com\/ca\/wp-json\/wp\/v2\/product_tag?post=3110"}],"curies":[{"name":"wp","href":"https:\/\/api.w.org\/{rel}","templated":true}]}}