{"id":3119,"date":"2022-08-30T17:50:15","date_gmt":"2022-08-30T17:50:15","guid":{"rendered":"https:\/\/www.garbiprofesional.com\/new\/product\/higienico-domestico-12-rollos\/"},"modified":"2024-02-28T21:47:26","modified_gmt":"2024-02-28T21:47:26","slug":"higienic-estandard-12-rotlles-a77118","status":"publish","type":"product","link":"https:\/\/www.garbiprofesional.com\/ca\/product\/higienic-estandard-12-rotlles-a77118\/","title":{"rendered":"HIGI\u00c8NIC EST\u00c0NDARD x12 (AGA12S1502)"},"content":{"rendered":"<p>Paper higi\u00e8nic de gran suavitat i resist\u00e8ncia.<\/p>\n","protected":false},"excerpt":{"rendered":"<p>Paper higi\u00e8nic de gran suavitat i resist\u00e8ncia.<\/p>\n","protected":false},"featured_media":5186,"comment_status":"open","ping_status":"closed","template":"","meta":{"_acf_changed":false,"inline_featured_image":false},"product_brand":[],"product_cat":[105],"product_tag":[],"class_list":{"0":"post-3119","1":"product","2":"type-product","3":"status-publish","4":"has-post-thumbnail","6":"product_cat-higienics","8":"first","9":"instock","10":"shipping-taxable","11":"purchasable","12":"product-type-simple"},"acf":[],"_links":{"self":[{"href":"https:\/\/www.garbiprofesional.com\/ca\/wp-json\/wp\/v2\/product\/3119","targetHints":{"allow":["GET"]}}],"collection":[{"href":"https:\/\/www.garbiprofesional.com\/ca\/wp-json\/wp\/v2\/product"}],"about":[{"href":"https:\/\/www.garbiprofesional.com\/ca\/wp-json\/wp\/v2\/types\/product"}],"replies":[{"embeddable":true,"href":"https:\/\/www.garbiprofesional.com\/ca\/wp-json\/wp\/v2\/comments?post=3119"}],"wp:featuredmedia":[{"embeddable":true,"href":"https:\/\/www.garbiprofesional.com\/ca\/wp-json\/wp\/v2\/media\/5186"}],"wp:attachment":[{"href":"https:\/\/www.garbiprofesional.com\/ca\/wp-json\/wp\/v2\/media?parent=3119"}],"wp:term":[{"taxonomy":"product_brand","embeddable":true,"href":"https:\/\/www.garbiprofesional.com\/ca\/wp-json\/wp\/v2\/product_brand?post=3119"},{"taxonomy":"product_cat","embeddable":true,"href":"https:\/\/www.garbiprofesional.com\/ca\/wp-json\/wp\/v2\/product_cat?post=3119"},{"taxonomy":"product_tag","embeddable":true,"href":"https:\/\/www.garbiprofesional.com\/ca\/wp-json\/wp\/v2\/product_tag?post=3119"}],"curies":[{"name":"wp","href":"https:\/\/api.w.org\/{rel}","templated":true}]}}