{"id":3125,"date":"2022-08-28T16:27:43","date_gmt":"2019-12-02T16:27:43","guid":{"rendered":"https:\/\/www.garbiprofesional.com\/new\/product\/higienico-semi-compact-12-rollos-a7808\/"},"modified":"2025-03-18T11:52:13","modified_gmt":"2025-03-18T11:52:13","slug":"higienic-semi-compacte-12-r-a7808","status":"publish","type":"product","link":"https:\/\/www.garbiprofesional.com\/ca\/product\/higienic-semi-compacte-12-r-a7808\/","title":{"rendered":"HIGI\u00c8NIC SEMI COMPACT x12 (AGA12S2002)"},"content":{"rendered":"<p>Paper higi\u00e8nic de gran suavitat i resist\u00e8ncia.<\/p>\n","protected":false},"excerpt":{"rendered":"<p>Paper higi\u00e8nic de gran suavitat i resist\u00e8ncia.<\/p>\n","protected":false},"featured_media":5190,"comment_status":"open","ping_status":"closed","template":"","meta":{"_acf_changed":false,"inline_featured_image":false},"product_brand":[],"product_cat":[105],"product_tag":[],"class_list":{"0":"post-3125","1":"product","2":"type-product","3":"status-publish","4":"has-post-thumbnail","6":"product_cat-higienics","8":"first","9":"instock","10":"shipping-taxable","11":"purchasable","12":"product-type-simple"},"acf":[],"_links":{"self":[{"href":"https:\/\/www.garbiprofesional.com\/ca\/wp-json\/wp\/v2\/product\/3125","targetHints":{"allow":["GET"]}}],"collection":[{"href":"https:\/\/www.garbiprofesional.com\/ca\/wp-json\/wp\/v2\/product"}],"about":[{"href":"https:\/\/www.garbiprofesional.com\/ca\/wp-json\/wp\/v2\/types\/product"}],"replies":[{"embeddable":true,"href":"https:\/\/www.garbiprofesional.com\/ca\/wp-json\/wp\/v2\/comments?post=3125"}],"wp:featuredmedia":[{"embeddable":true,"href":"https:\/\/www.garbiprofesional.com\/ca\/wp-json\/wp\/v2\/media\/5190"}],"wp:attachment":[{"href":"https:\/\/www.garbiprofesional.com\/ca\/wp-json\/wp\/v2\/media?parent=3125"}],"wp:term":[{"taxonomy":"product_brand","embeddable":true,"href":"https:\/\/www.garbiprofesional.com\/ca\/wp-json\/wp\/v2\/product_brand?post=3125"},{"taxonomy":"product_cat","embeddable":true,"href":"https:\/\/www.garbiprofesional.com\/ca\/wp-json\/wp\/v2\/product_cat?post=3125"},{"taxonomy":"product_tag","embeddable":true,"href":"https:\/\/www.garbiprofesional.com\/ca\/wp-json\/wp\/v2\/product_tag?post=3125"}],"curies":[{"name":"wp","href":"https:\/\/api.w.org\/{rel}","templated":true}]}}