{"id":3129,"date":"2022-08-26T15:50:47","date_gmt":"2017-03-27T15:50:47","guid":{"rendered":"https:\/\/www.garbiprofesional.com\/new\/product\/higienico-domestico\/"},"modified":"2024-02-28T21:52:52","modified_gmt":"2024-02-28T21:52:52","slug":"higienic-compacte-6-rotlles-a77119","status":"publish","type":"product","link":"https:\/\/www.garbiprofesional.com\/ca\/product\/higienic-compacte-6-rotlles-a77119\/","title":{"rendered":"HIGI\u00c8NIC COMPACT x6 (AGA06C3002)"},"content":{"rendered":"<p>Paper higi\u00e8nic compacte de gran suavitat i resist\u00e8ncia. Llarga durada.<\/p>\n","protected":false},"excerpt":{"rendered":"<p>Paper higi\u00e8nic compacte de gran suavitat i resist\u00e8ncia. Llarga durada.<\/p>\n","protected":false},"featured_media":5194,"comment_status":"open","ping_status":"closed","template":"","meta":{"_acf_changed":false,"inline_featured_image":false},"product_brand":[],"product_cat":[105],"product_tag":[],"class_list":{"0":"post-3129","1":"product","2":"type-product","3":"status-publish","4":"has-post-thumbnail","6":"product_cat-higienics","8":"first","9":"instock","10":"shipping-taxable","11":"purchasable","12":"product-type-simple"},"acf":[],"_links":{"self":[{"href":"https:\/\/www.garbiprofesional.com\/ca\/wp-json\/wp\/v2\/product\/3129","targetHints":{"allow":["GET"]}}],"collection":[{"href":"https:\/\/www.garbiprofesional.com\/ca\/wp-json\/wp\/v2\/product"}],"about":[{"href":"https:\/\/www.garbiprofesional.com\/ca\/wp-json\/wp\/v2\/types\/product"}],"replies":[{"embeddable":true,"href":"https:\/\/www.garbiprofesional.com\/ca\/wp-json\/wp\/v2\/comments?post=3129"}],"wp:featuredmedia":[{"embeddable":true,"href":"https:\/\/www.garbiprofesional.com\/ca\/wp-json\/wp\/v2\/media\/5194"}],"wp:attachment":[{"href":"https:\/\/www.garbiprofesional.com\/ca\/wp-json\/wp\/v2\/media?parent=3129"}],"wp:term":[{"taxonomy":"product_brand","embeddable":true,"href":"https:\/\/www.garbiprofesional.com\/ca\/wp-json\/wp\/v2\/product_brand?post=3129"},{"taxonomy":"product_cat","embeddable":true,"href":"https:\/\/www.garbiprofesional.com\/ca\/wp-json\/wp\/v2\/product_cat?post=3129"},{"taxonomy":"product_tag","embeddable":true,"href":"https:\/\/www.garbiprofesional.com\/ca\/wp-json\/wp\/v2\/product_tag?post=3129"}],"curies":[{"name":"wp","href":"https:\/\/api.w.org\/{rel}","templated":true}]}}