{"id":3334,"date":"2022-06-04T15:35:23","date_gmt":"2017-06-14T15:35:23","guid":{"rendered":"https:\/\/www.garbiprofesional.com\/new\/product\/secamanos-6-rollos-260-serv-h3003\/"},"modified":"2025-03-27T14:55:39","modified_gmt":"2025-03-27T14:55:39","slug":"eixugamans-6-r-260-serveis-h3003","status":"publish","type":"product","link":"https:\/\/www.garbiprofesional.com\/ca\/product\/eixugamans-6-r-260-serveis-h3003\/","title":{"rendered":"EIXUGAMANS x6 260s (HGA0670852)"},"content":{"rendered":"<p>Bobina eixugamans metxa de gran resist\u00e8ncia i absorci\u00f3. Permet m\u00e9s capacitat de neteja. Llarga durada.<\/p>\n","protected":false},"excerpt":{"rendered":"<p>Bobina eixugamans metxa de gran resist\u00e8ncia i absorci\u00f3. Permet m\u00e9s capacitat de neteja. Llarga durada.<\/p>\n","protected":false},"featured_media":5106,"comment_status":"open","ping_status":"closed","template":"","meta":{"_acf_changed":false,"inline_featured_image":false},"product_brand":[],"product_cat":[102],"product_tag":[],"class_list":{"0":"post-3334","1":"product","2":"type-product","3":"status-publish","4":"has-post-thumbnail","6":"product_cat-eixugamans","8":"first","9":"instock","10":"shipping-taxable","11":"purchasable","12":"product-type-simple"},"acf":[],"_links":{"self":[{"href":"https:\/\/www.garbiprofesional.com\/ca\/wp-json\/wp\/v2\/product\/3334","targetHints":{"allow":["GET"]}}],"collection":[{"href":"https:\/\/www.garbiprofesional.com\/ca\/wp-json\/wp\/v2\/product"}],"about":[{"href":"https:\/\/www.garbiprofesional.com\/ca\/wp-json\/wp\/v2\/types\/product"}],"replies":[{"embeddable":true,"href":"https:\/\/www.garbiprofesional.com\/ca\/wp-json\/wp\/v2\/comments?post=3334"}],"wp:featuredmedia":[{"embeddable":true,"href":"https:\/\/www.garbiprofesional.com\/ca\/wp-json\/wp\/v2\/media\/5106"}],"wp:attachment":[{"href":"https:\/\/www.garbiprofesional.com\/ca\/wp-json\/wp\/v2\/media?parent=3334"}],"wp:term":[{"taxonomy":"product_brand","embeddable":true,"href":"https:\/\/www.garbiprofesional.com\/ca\/wp-json\/wp\/v2\/product_brand?post=3334"},{"taxonomy":"product_cat","embeddable":true,"href":"https:\/\/www.garbiprofesional.com\/ca\/wp-json\/wp\/v2\/product_cat?post=3334"},{"taxonomy":"product_tag","embeddable":true,"href":"https:\/\/www.garbiprofesional.com\/ca\/wp-json\/wp\/v2\/product_tag?post=3334"}],"curies":[{"name":"wp","href":"https:\/\/api.w.org\/{rel}","templated":true}]}}