{"id":3335,"date":"2022-06-02T01:13:56","date_gmt":"2022-03-24T16:13:56","guid":{"rendered":"https:\/\/www.garbiprofesional.com\/new\/product\/secamanos-azul-6-rollos-300-serv-h1031\/"},"modified":"2024-06-25T08:38:22","modified_gmt":"2024-06-25T08:38:22","slug":"eixugamans-blau-6-r-300-serv-h1031","status":"publish","type":"product","link":"https:\/\/www.garbiprofesional.com\/ca\/product\/eixugamans-blau-6-r-300-serv-h1031\/","title":{"rendered":"EIXUGAMANS x6 300s (HGA06A1002)"},"content":{"rendered":"<p>Bobina eixugamans metxa de gran resist\u00e8ncia i absorci\u00f3. Permet m\u00e9s capacitat de neteja. Llarga durada.<\/p>\n","protected":false},"excerpt":{"rendered":"<p>Bobina eixugamans metxa de gran resist\u00e8ncia i absorci\u00f3. Permet m\u00e9s capacitat de neteja. Llarga durada.<\/p>\n","protected":false},"featured_media":3061,"comment_status":"open","ping_status":"closed","template":"","meta":{"_acf_changed":false,"inline_featured_image":false},"product_brand":[],"product_cat":[102],"product_tag":[],"class_list":{"0":"post-3335","1":"product","2":"type-product","3":"status-publish","4":"has-post-thumbnail","6":"product_cat-eixugamans","8":"first","9":"instock","10":"shipping-taxable","11":"purchasable","12":"product-type-simple"},"acf":[],"_links":{"self":[{"href":"https:\/\/www.garbiprofesional.com\/ca\/wp-json\/wp\/v2\/product\/3335","targetHints":{"allow":["GET"]}}],"collection":[{"href":"https:\/\/www.garbiprofesional.com\/ca\/wp-json\/wp\/v2\/product"}],"about":[{"href":"https:\/\/www.garbiprofesional.com\/ca\/wp-json\/wp\/v2\/types\/product"}],"replies":[{"embeddable":true,"href":"https:\/\/www.garbiprofesional.com\/ca\/wp-json\/wp\/v2\/comments?post=3335"}],"wp:featuredmedia":[{"embeddable":true,"href":"https:\/\/www.garbiprofesional.com\/ca\/wp-json\/wp\/v2\/media\/3061"}],"wp:attachment":[{"href":"https:\/\/www.garbiprofesional.com\/ca\/wp-json\/wp\/v2\/media?parent=3335"}],"wp:term":[{"taxonomy":"product_brand","embeddable":true,"href":"https:\/\/www.garbiprofesional.com\/ca\/wp-json\/wp\/v2\/product_brand?post=3335"},{"taxonomy":"product_cat","embeddable":true,"href":"https:\/\/www.garbiprofesional.com\/ca\/wp-json\/wp\/v2\/product_cat?post=3335"},{"taxonomy":"product_tag","embeddable":true,"href":"https:\/\/www.garbiprofesional.com\/ca\/wp-json\/wp\/v2\/product_tag?post=3335"}],"curies":[{"name":"wp","href":"https:\/\/api.w.org\/{rel}","templated":true}]}}