{"id":3341,"date":"2022-06-02T15:37:18","date_gmt":"2017-06-14T15:37:18","guid":{"rendered":"https:\/\/www.garbiprofesional.com\/new\/product\/secamanos-6-rollos-300-serv-h3001\/"},"modified":"2025-03-19T10:53:39","modified_gmt":"2025-03-19T10:53:39","slug":"eixugamans-6-r-300-serveis-h3001","status":"publish","type":"product","link":"https:\/\/www.garbiprofesional.com\/ca\/product\/eixugamans-6-r-300-serveis-h3001\/","title":{"rendered":"EIXUGAMANS x6 300s (HGA0671002)"},"content":{"rendered":"<p>Bobina eixugamans metxa de gran resist\u00e8ncia i absorci\u00f3. Permet m\u00e9s capacitat de neteja. Llarga durada.<\/p>\n","protected":false},"excerpt":{"rendered":"<p>Bobina eixugamans metxa de gran resist\u00e8ncia i absorci\u00f3. Permet m\u00e9s capacitat de neteja. Llarga durada.<\/p>\n","protected":false},"featured_media":5110,"comment_status":"open","ping_status":"closed","template":"","meta":{"_acf_changed":false,"inline_featured_image":false},"product_brand":[],"product_cat":[102],"product_tag":[],"class_list":{"0":"post-3341","1":"product","2":"type-product","3":"status-publish","4":"has-post-thumbnail","6":"product_cat-eixugamans","8":"first","9":"instock","10":"shipping-taxable","11":"purchasable","12":"product-type-simple"},"acf":[],"_links":{"self":[{"href":"https:\/\/www.garbiprofesional.com\/ca\/wp-json\/wp\/v2\/product\/3341","targetHints":{"allow":["GET"]}}],"collection":[{"href":"https:\/\/www.garbiprofesional.com\/ca\/wp-json\/wp\/v2\/product"}],"about":[{"href":"https:\/\/www.garbiprofesional.com\/ca\/wp-json\/wp\/v2\/types\/product"}],"replies":[{"embeddable":true,"href":"https:\/\/www.garbiprofesional.com\/ca\/wp-json\/wp\/v2\/comments?post=3341"}],"wp:featuredmedia":[{"embeddable":true,"href":"https:\/\/www.garbiprofesional.com\/ca\/wp-json\/wp\/v2\/media\/5110"}],"wp:attachment":[{"href":"https:\/\/www.garbiprofesional.com\/ca\/wp-json\/wp\/v2\/media?parent=3341"}],"wp:term":[{"taxonomy":"product_brand","embeddable":true,"href":"https:\/\/www.garbiprofesional.com\/ca\/wp-json\/wp\/v2\/product_brand?post=3341"},{"taxonomy":"product_cat","embeddable":true,"href":"https:\/\/www.garbiprofesional.com\/ca\/wp-json\/wp\/v2\/product_cat?post=3341"},{"taxonomy":"product_tag","embeddable":true,"href":"https:\/\/www.garbiprofesional.com\/ca\/wp-json\/wp\/v2\/product_tag?post=3341"}],"curies":[{"name":"wp","href":"https:\/\/api.w.org\/{rel}","templated":true}]}}