{"id":3357,"date":"2022-06-28T10:31:08","date_gmt":"2018-09-28T10:31:08","guid":{"rendered":"https:\/\/www.garbiprofesional.com\/new\/product\/hig-jumbo-18-rollos-257-serv-i3020\/"},"modified":"2024-03-04T13:33:29","modified_gmt":"2024-03-04T13:33:29","slug":"higienic-jumbo-18-r-257-serveis-i4022","status":"publish","type":"product","link":"https:\/\/www.garbiprofesional.com\/ca\/product\/higienic-jumbo-18-r-257-serveis-i4022\/","title":{"rendered":"HIGI\u00c8NIC JUMBO x18 257s (IGA1840902)"},"content":{"rendered":"<p>Paper higi\u00e8nic professional. El gofrat Premium li proporciona m\u00e9s suavitat i resist\u00e8ncia. Llarga durada.<\/p>\n","protected":false},"excerpt":{"rendered":"<p>Paper higi\u00e8nic professional. El gofrat Premium li proporciona m\u00e9s suavitat i resist\u00e8ncia. Llarga durada.<\/p>\n","protected":false},"featured_media":5098,"comment_status":"open","ping_status":"closed","template":"","meta":{"_acf_changed":false,"inline_featured_image":false},"product_brand":[],"product_cat":[137],"product_tag":[],"class_list":{"0":"post-3357","1":"product","2":"type-product","3":"status-publish","4":"has-post-thumbnail","6":"product_cat-higienics-industrials","8":"first","9":"instock","10":"shipping-taxable","11":"purchasable","12":"product-type-simple"},"acf":[],"_links":{"self":[{"href":"https:\/\/www.garbiprofesional.com\/ca\/wp-json\/wp\/v2\/product\/3357","targetHints":{"allow":["GET"]}}],"collection":[{"href":"https:\/\/www.garbiprofesional.com\/ca\/wp-json\/wp\/v2\/product"}],"about":[{"href":"https:\/\/www.garbiprofesional.com\/ca\/wp-json\/wp\/v2\/types\/product"}],"replies":[{"embeddable":true,"href":"https:\/\/www.garbiprofesional.com\/ca\/wp-json\/wp\/v2\/comments?post=3357"}],"wp:featuredmedia":[{"embeddable":true,"href":"https:\/\/www.garbiprofesional.com\/ca\/wp-json\/wp\/v2\/media\/5098"}],"wp:attachment":[{"href":"https:\/\/www.garbiprofesional.com\/ca\/wp-json\/wp\/v2\/media?parent=3357"}],"wp:term":[{"taxonomy":"product_brand","embeddable":true,"href":"https:\/\/www.garbiprofesional.com\/ca\/wp-json\/wp\/v2\/product_brand?post=3357"},{"taxonomy":"product_cat","embeddable":true,"href":"https:\/\/www.garbiprofesional.com\/ca\/wp-json\/wp\/v2\/product_cat?post=3357"},{"taxonomy":"product_tag","embeddable":true,"href":"https:\/\/www.garbiprofesional.com\/ca\/wp-json\/wp\/v2\/product_tag?post=3357"}],"curies":[{"name":"wp","href":"https:\/\/api.w.org\/{rel}","templated":true}]}}