{"id":3802,"date":"2022-06-01T00:15:37","date_gmt":"2022-06-01T00:15:37","guid":{"rendered":"https:\/\/www.garbiprofesional.com\/?post_type=product&#038;p=3802"},"modified":"2024-06-25T08:28:55","modified_gmt":"2024-06-25T08:28:55","slug":"eixugamans-autocut-6-r-200-m-h0017","status":"publish","type":"product","link":"https:\/\/www.garbiprofesional.com\/ca\/product\/eixugamans-autocut-6-r-200-m-h0017\/","title":{"rendered":"EIXUGAMANS AUTOTALL x6 200m (HGA0642002)"},"content":{"rendered":"<p>Bobina eixugamans autocut de gran resist\u00e8ncia i absorci\u00f3. Permet m\u00e9s capacitat de neteja. Llarga durada.<\/p>\n","protected":false},"excerpt":{"rendered":"<p>Bobina eixugamans autocut de gran resist\u00e8ncia i absorci\u00f3. Permet m\u00e9s capacitat de neteja. Llarga durada.<\/p>\n","protected":false},"featured_media":4841,"comment_status":"open","ping_status":"closed","template":"","meta":{"_acf_changed":false,"inline_featured_image":false},"product_brand":[],"product_cat":[102],"product_tag":[],"class_list":{"0":"post-3802","1":"product","2":"type-product","3":"status-publish","4":"has-post-thumbnail","6":"product_cat-eixugamans","8":"first","9":"instock","10":"featured","11":"shipping-taxable","12":"purchasable","13":"product-type-simple"},"acf":[],"_links":{"self":[{"href":"https:\/\/www.garbiprofesional.com\/ca\/wp-json\/wp\/v2\/product\/3802","targetHints":{"allow":["GET"]}}],"collection":[{"href":"https:\/\/www.garbiprofesional.com\/ca\/wp-json\/wp\/v2\/product"}],"about":[{"href":"https:\/\/www.garbiprofesional.com\/ca\/wp-json\/wp\/v2\/types\/product"}],"replies":[{"embeddable":true,"href":"https:\/\/www.garbiprofesional.com\/ca\/wp-json\/wp\/v2\/comments?post=3802"}],"wp:featuredmedia":[{"embeddable":true,"href":"https:\/\/www.garbiprofesional.com\/ca\/wp-json\/wp\/v2\/media\/4841"}],"wp:attachment":[{"href":"https:\/\/www.garbiprofesional.com\/ca\/wp-json\/wp\/v2\/media?parent=3802"}],"wp:term":[{"taxonomy":"product_brand","embeddable":true,"href":"https:\/\/www.garbiprofesional.com\/ca\/wp-json\/wp\/v2\/product_brand?post=3802"},{"taxonomy":"product_cat","embeddable":true,"href":"https:\/\/www.garbiprofesional.com\/ca\/wp-json\/wp\/v2\/product_cat?post=3802"},{"taxonomy":"product_tag","embeddable":true,"href":"https:\/\/www.garbiprofesional.com\/ca\/wp-json\/wp\/v2\/product_tag?post=3802"}],"curies":[{"name":"wp","href":"https:\/\/api.w.org\/{rel}","templated":true}]}}