{"id":4788,"date":"2024-06-20T15:02:55","date_gmt":"2024-06-20T15:02:55","guid":{"rendered":"https:\/\/www.garbiprofesional.com\/?post_type=product&#038;p=4788"},"modified":"2024-06-20T15:46:57","modified_gmt":"2024-06-20T15:46:57","slug":"higienic-jumbo-x18-257s-iga1840902-copia","status":"publish","type":"product","link":"https:\/\/www.garbiprofesional.com\/ca\/product\/higienic-jumbo-x18-257s-iga1840902-copia\/","title":{"rendered":"HIGI\u00c8NIC JUMBO x18 343s (IGA18N1202)"},"content":{"rendered":"<p>Paper higi\u00e8nic professional sense blanquejants. El gofrat Premium li proporciona m\u00e9s suavitat i resist\u00e8ncia. Llarga durada.<\/p>\n","protected":false},"excerpt":{"rendered":"<p>Paper higi\u00e8nic professional sense blanquejants. El gofrat Premium li proporciona m\u00e9s suavitat i resist\u00e8ncia. Llarga durada.<\/p>\n","protected":false},"featured_media":4799,"comment_status":"open","ping_status":"closed","template":"","meta":{"_acf_changed":false,"inline_featured_image":false},"product_brand":[],"product_cat":[141],"product_tag":[],"class_list":{"0":"post-4788","1":"product","2":"type-product","3":"status-publish","4":"has-post-thumbnail","6":"product_cat-paper-sense-blanqueantes","8":"first","9":"instock","10":"shipping-taxable","11":"purchasable","12":"product-type-simple"},"acf":[],"_links":{"self":[{"href":"https:\/\/www.garbiprofesional.com\/ca\/wp-json\/wp\/v2\/product\/4788","targetHints":{"allow":["GET"]}}],"collection":[{"href":"https:\/\/www.garbiprofesional.com\/ca\/wp-json\/wp\/v2\/product"}],"about":[{"href":"https:\/\/www.garbiprofesional.com\/ca\/wp-json\/wp\/v2\/types\/product"}],"replies":[{"embeddable":true,"href":"https:\/\/www.garbiprofesional.com\/ca\/wp-json\/wp\/v2\/comments?post=4788"}],"wp:featuredmedia":[{"embeddable":true,"href":"https:\/\/www.garbiprofesional.com\/ca\/wp-json\/wp\/v2\/media\/4799"}],"wp:attachment":[{"href":"https:\/\/www.garbiprofesional.com\/ca\/wp-json\/wp\/v2\/media?parent=4788"}],"wp:term":[{"taxonomy":"product_brand","embeddable":true,"href":"https:\/\/www.garbiprofesional.com\/ca\/wp-json\/wp\/v2\/product_brand?post=4788"},{"taxonomy":"product_cat","embeddable":true,"href":"https:\/\/www.garbiprofesional.com\/ca\/wp-json\/wp\/v2\/product_cat?post=4788"},{"taxonomy":"product_tag","embeddable":true,"href":"https:\/\/www.garbiprofesional.com\/ca\/wp-json\/wp\/v2\/product_tag?post=4788"}],"curies":[{"name":"wp","href":"https:\/\/api.w.org\/{rel}","templated":true}]}}