{"id":367,"date":"2017-03-14T12:15:18","date_gmt":"2017-03-14T12:15:18","guid":{"rendered":"https:\/\/www.garbiprofesional.com\/new\/aviso-legal\/"},"modified":"2017-07-11T10:48:59","modified_gmt":"2017-07-11T10:48:59","slug":"aviso-legal","status":"publish","type":"page","link":"https:\/\/www.garbiprofesional.com\/fr\/aviso-legal\/","title":{"rendered":"Mentions leagles"},"content":{"rendered":"<p><strong>1. PORTE-WEB IDENTITE<\/strong><\/p>\n<p>Le propri\u00e9taire de la soci\u00e9t\u00e9 du Web est Kartogroup Espa\u00f1a S.L.<\/p>\n<p><strong>2. ACCEPTATION DES CONDITIONS D\u2019UTILISATION<\/strong><\/p>\n<p>Les pr\u00e9sentes Conditions G\u00e9n\u00e9rales (ci-apr\u00e8s d\u00e9nomm\u00e9 l\u2019avis juridique) est de r\u00e9glementer l\u2019utilisation de ce site que le propri\u00e9taire met \u00e0 la disposition du public \u00e0 cette adresse. L\u2019utilisation du site par des tiers qui leur donne le statut d\u2019utilisateur et implique l\u2019acceptation pleine par l\u2019Utilisateur de chacun et chacune des conditions figurant dans le pr\u00e9sent avis juridique. Le propri\u00e9taire du Web peut offrir via le Web lui-m\u00eame, des services ou des produits qui peuvent \u00eatre soumis \u00e0 des conditions particuli\u00e8res qui, selon le cas, remplacer, compl\u00e9ter et \/ ou modifier les pr\u00e9sentes Conditions, et qui en informent le usagers, dans chaque cas particulier.<\/p>\n<p><strong>3. PROPRI\u00c9T\u00c9 INTELLECTUELLE<\/strong><\/p>\n<p>Tout le contenu sur le Web, \u00e0 l\u2019exception de compara\u00eetre ou \u00eatre achet\u00e9s exclusivement sign\u00e9 par l\u2019auteur, sont la propri\u00e9t\u00e9 exclusive du propri\u00e9taire du site ou de tiers et, \u00e0 titre d\u2019exemple, mais sans s\u2019y limiter, la conception graphique, le code source, les logos, les textes , graphiques, illustrations, photographies et autres objets qui apparaissent sur le Web. De m\u00eame, tous les noms commerciaux, marques ou signes distinctifs de toute sorte sur le site sont prot\u00e9g\u00e9s par la loi, conf\u00e9rant \u00e0 son titulaire des droits sur le droit des marques offre. Sauf mention contraire explicite, et \u00e0 l\u2019exception des clients du site, les propri\u00e9taires de ces droits est reconnu que reconna\u00eet la reproduction, la distribution, la commercialisation, la transformation et, en g\u00e9n\u00e9ral, toute autre forme d\u2019exploitation, par quelque moyen que ce de tout ou partie du contenu de ce site constitue une violation des droits de propri\u00e9t\u00e9 intellectuelle et \/ ou du propri\u00e9taire de la propri\u00e9t\u00e9 industrielle du site ou le titulaire de celle-ci, peut choisir \u00e0 la fois le propri\u00e9taire de la marque de copyright \u00e0 tout moment son retrait \u00e0 partir du Web.<\/p>\n<p><strong>4. REGIME DE RESPONSABILITE<\/strong><\/p>\n<p>L\u2019utilisateur est seul responsable des infractions qui peuvent \u00eatre encourus ou les dommages caus\u00e9s par l\u2019utilisation du Web, est le propri\u00e9taire du site, de ses partenaires, soci\u00e9t\u00e9s du groupe, collaborateurs, employ\u00e9s et repr\u00e9sentants sont exempt\u00e9s de n\u2019importe quel type de responsabilit\u00e9 qui pourrait d\u00e9couler de actions de l\u2019utilisateur. Le propri\u00e9taire du site fera tous les efforts raisonnables et les moyens de fournir des informations actualis\u00e9es et fiables sur le Web, toutefois, le propri\u00e9taire du site n\u2019assume aucune garantie quant \u00e0 l\u2019absence d\u2019erreurs ou d\u2019inexactitudes possibles et \/ ou omissions en tout contenu accessible sur ce site. L\u2019utilisateur est seul responsable de toute r\u00e9clamation ou action en justice, judiciaires ou extrajudiciaires, intent\u00e9es par des tiers contre le propri\u00e9taire d\u2019utilisation de l\u2019utilisateur bas\u00e9e sur le Web de l\u2019Internet. Dans votre cas, vous assumez tous les co\u00fbts, d\u00e9penses et indemnit\u00e9s encourues par le propri\u00e9taire du site Web dans le cadre de ces r\u00e9clamations et poursuites.<\/p>\n<p><strong>5. POLITIQUE CONCERNANT LES DONN\u00c9ES PERSONNELLES OBTENUS PAR LE SITE<\/strong><\/p>\n<p>Nonobstant les dispositions indiqu\u00e9es dans chacun des formulaires sur le Web, o\u00f9 les utilisateurs fournissent leurs donn\u00e9es personnelles autorise express\u00e9ment le titulaire du Web pour le traitement des donn\u00e9es personnelles aux fins qui sont indiqu\u00e9es les m\u00eames .<\/p>\n<p><strong>6. LOI APPLICABLE ET JURIDICTION<\/strong><\/p>\n<p>Tous les litiges ou r\u00e9clamations d\u00e9coulant de l\u2019interpr\u00e9tation ou de l\u2019ex\u00e9cution du pr\u00e9sent avis l\u00e9gal est r\u00e9gi par la loi espagnole, et soumis \u00e0 la juridiction des Tribunaux de Barcelone.<\/p>\n","protected":false},"excerpt":{"rendered":"<p>1. PORTE-WEB IDENTITE Le propri\u00e9taire de la soci\u00e9t\u00e9 du Web est Kartogroup Espa\u00f1a S.L. 2. ACCEPTATION DES CONDITIONS D\u2019UTILISATION Les pr\u00e9sentes Conditions G\u00e9n\u00e9rales (ci-apr\u00e8s d\u00e9nomm\u00e9 l\u2019avis juridique) est de r\u00e9glementer l\u2019utilisation de ce site que le propri\u00e9taire met \u00e0 la disposition du public \u00e0 cette adresse. L\u2019utilisation du site par des tiers qui leur donne [&hellip;]<\/p>\n","protected":false},"author":1,"featured_media":0,"parent":0,"menu_order":0,"comment_status":"closed","ping_status":"closed","template":"page-legales.php","meta":{"_acf_changed":false,"inline_featured_image":false,"footnotes":""},"class_list":["post-367","page","type-page","status-publish","hentry"],"acf":[],"_links":{"self":[{"href":"https:\/\/www.garbiprofesional.com\/fr\/wp-json\/wp\/v2\/pages\/367","targetHints":{"allow":["GET"]}}],"collection":[{"href":"https:\/\/www.garbiprofesional.com\/fr\/wp-json\/wp\/v2\/pages"}],"about":[{"href":"https:\/\/www.garbiprofesional.com\/fr\/wp-json\/wp\/v2\/types\/page"}],"author":[{"embeddable":true,"href":"https:\/\/www.garbiprofesional.com\/fr\/wp-json\/wp\/v2\/users\/1"}],"replies":[{"embeddable":true,"href":"https:\/\/www.garbiprofesional.com\/fr\/wp-json\/wp\/v2\/comments?post=367"}],"version-history":[{"count":0,"href":"https:\/\/www.garbiprofesional.com\/fr\/wp-json\/wp\/v2\/pages\/367\/revisions"}],"wp:attachment":[{"href":"https:\/\/www.garbiprofesional.com\/fr\/wp-json\/wp\/v2\/media?parent=367"}],"curies":[{"name":"wp","href":"https:\/\/api.w.org\/{rel}","templated":true}]}}