{"id":3114,"date":"2022-07-10T15:11:55","date_gmt":"2022-07-10T15:11:55","guid":{"rendered":"https:\/\/www.garbiprofesional.com\/new\/product\/rollo-multiusos-xl-f1007\/"},"modified":"2025-04-07T09:18:42","modified_gmt":"2025-04-07T09:18:42","slug":"rouleau-essuie-tout-xl-f3117","status":"publish","type":"product","link":"https:\/\/www.garbiprofesional.com\/fr\/produit\/rouleau-essuie-tout-xl-f3117\/","title":{"rendered":"ROULEAU ESSUIE-TOUT XL (FGA0150702)"},"content":{"rendered":"<p>Rouleau essuie-tout, 70m, dot\u00e9 d&rsquo;une grande r\u00e9sistance et d&rsquo;une grande capacit\u00e9 d&rsquo;absorption.<\/p>\n","protected":false},"excerpt":{"rendered":"<p>Rouleau essuie-tout, 70m, dot\u00e9 d&rsquo;une grande r\u00e9sistance et d&rsquo;une grande capacit\u00e9 d&rsquo;absorption.<\/p>\n","protected":false},"featured_media":2867,"comment_status":"open","ping_status":"closed","template":"","meta":{"_acf_changed":false,"inline_featured_image":false},"product_brand":[],"product_cat":[118],"product_tag":[],"class_list":{"0":"post-3114","1":"product","2":"type-product","3":"status-publish","4":"has-post-thumbnail","6":"product_cat-rouleaux-essuie-tout","8":"first","9":"instock","10":"featured","11":"shipping-taxable","12":"purchasable","13":"product-type-simple"},"acf":[],"_links":{"self":[{"href":"https:\/\/www.garbiprofesional.com\/fr\/wp-json\/wp\/v2\/product\/3114","targetHints":{"allow":["GET"]}}],"collection":[{"href":"https:\/\/www.garbiprofesional.com\/fr\/wp-json\/wp\/v2\/product"}],"about":[{"href":"https:\/\/www.garbiprofesional.com\/fr\/wp-json\/wp\/v2\/types\/product"}],"replies":[{"embeddable":true,"href":"https:\/\/www.garbiprofesional.com\/fr\/wp-json\/wp\/v2\/comments?post=3114"}],"wp:featuredmedia":[{"embeddable":true,"href":"https:\/\/www.garbiprofesional.com\/fr\/wp-json\/wp\/v2\/media\/2867"}],"wp:attachment":[{"href":"https:\/\/www.garbiprofesional.com\/fr\/wp-json\/wp\/v2\/media?parent=3114"}],"wp:term":[{"taxonomy":"product_brand","embeddable":true,"href":"https:\/\/www.garbiprofesional.com\/fr\/wp-json\/wp\/v2\/product_brand?post=3114"},{"taxonomy":"product_cat","embeddable":true,"href":"https:\/\/www.garbiprofesional.com\/fr\/wp-json\/wp\/v2\/product_cat?post=3114"},{"taxonomy":"product_tag","embeddable":true,"href":"https:\/\/www.garbiprofesional.com\/fr\/wp-json\/wp\/v2\/product_tag?post=3114"}],"curies":[{"name":"wp","href":"https:\/\/api.w.org\/{rel}","templated":true}]}}