{"id":3122,"date":"2022-08-30T17:50:15","date_gmt":"2022-08-30T17:50:15","guid":{"rendered":"https:\/\/www.garbiprofesional.com\/new\/product\/higienico-domestico-12-rollos\/"},"modified":"2024-02-28T21:48:30","modified_gmt":"2024-02-28T21:48:30","slug":"papier-hygienique-std-12-r-a77118","status":"publish","type":"product","link":"https:\/\/www.garbiprofesional.com\/fr\/produit\/papier-hygienique-std-12-r-a77118\/","title":{"rendered":"PAPIER HYGI\u00c9NIQUE STANDARD x12 (AGA12S1502)"},"content":{"rendered":"<p>Papier hygi\u00e9nique, dot\u00e9 d\u2019une grande douceur et d\u2019une grande r\u00e9sistance.<\/p>\n","protected":false},"excerpt":{"rendered":"<p>Papier hygi\u00e9nique, dot\u00e9 d\u2019une grande douceur et d\u2019une grande r\u00e9sistance.<\/p>\n","protected":false},"featured_media":5188,"comment_status":"open","ping_status":"closed","template":"","meta":{"_acf_changed":false,"inline_featured_image":false},"product_brand":[],"product_cat":[107],"product_tag":[],"class_list":{"0":"post-3122","1":"product","2":"type-product","3":"status-publish","4":"has-post-thumbnail","6":"product_cat-papier-hygienique","8":"first","9":"instock","10":"shipping-taxable","11":"purchasable","12":"product-type-simple"},"acf":[],"_links":{"self":[{"href":"https:\/\/www.garbiprofesional.com\/fr\/wp-json\/wp\/v2\/product\/3122","targetHints":{"allow":["GET"]}}],"collection":[{"href":"https:\/\/www.garbiprofesional.com\/fr\/wp-json\/wp\/v2\/product"}],"about":[{"href":"https:\/\/www.garbiprofesional.com\/fr\/wp-json\/wp\/v2\/types\/product"}],"replies":[{"embeddable":true,"href":"https:\/\/www.garbiprofesional.com\/fr\/wp-json\/wp\/v2\/comments?post=3122"}],"wp:featuredmedia":[{"embeddable":true,"href":"https:\/\/www.garbiprofesional.com\/fr\/wp-json\/wp\/v2\/media\/5188"}],"wp:attachment":[{"href":"https:\/\/www.garbiprofesional.com\/fr\/wp-json\/wp\/v2\/media?parent=3122"}],"wp:term":[{"taxonomy":"product_brand","embeddable":true,"href":"https:\/\/www.garbiprofesional.com\/fr\/wp-json\/wp\/v2\/product_brand?post=3122"},{"taxonomy":"product_cat","embeddable":true,"href":"https:\/\/www.garbiprofesional.com\/fr\/wp-json\/wp\/v2\/product_cat?post=3122"},{"taxonomy":"product_tag","embeddable":true,"href":"https:\/\/www.garbiprofesional.com\/fr\/wp-json\/wp\/v2\/product_tag?post=3122"}],"curies":[{"name":"wp","href":"https:\/\/api.w.org\/{rel}","templated":true}]}}