{"id":3127,"date":"2022-08-28T16:27:43","date_gmt":"2019-12-02T16:27:43","guid":{"rendered":"https:\/\/www.garbiprofesional.com\/new\/product\/higienico-semi-compact-12-rollos-a7808\/"},"modified":"2025-03-18T11:51:34","modified_gmt":"2025-03-18T11:51:34","slug":"papier-hyg-semi-compact-12-r-a7808","status":"publish","type":"product","link":"https:\/\/www.garbiprofesional.com\/fr\/produit\/papier-hyg-semi-compact-12-r-a7808\/","title":{"rendered":"PAPIER HYGI\u00c9NIQUE SEMI COMPACT x12 (AGA12S2002)"},"content":{"rendered":"<p>Papier hygi\u00e9nique, dot\u00e9 d&rsquo;une grande douceur et d&rsquo;une grande r\u00e9sistance.<\/p>\n","protected":false},"excerpt":{"rendered":"<p>Papier hygi\u00e9nique, dot\u00e9 d&rsquo;une grande douceur et d&rsquo;une grande r\u00e9sistance.<\/p>\n","protected":false},"featured_media":5192,"comment_status":"open","ping_status":"closed","template":"","meta":{"_acf_changed":false,"inline_featured_image":false},"product_brand":[],"product_cat":[107],"product_tag":[],"class_list":{"0":"post-3127","1":"product","2":"type-product","3":"status-publish","4":"has-post-thumbnail","6":"product_cat-papier-hygienique","8":"first","9":"instock","10":"shipping-taxable","11":"purchasable","12":"product-type-simple"},"acf":[],"_links":{"self":[{"href":"https:\/\/www.garbiprofesional.com\/fr\/wp-json\/wp\/v2\/product\/3127","targetHints":{"allow":["GET"]}}],"collection":[{"href":"https:\/\/www.garbiprofesional.com\/fr\/wp-json\/wp\/v2\/product"}],"about":[{"href":"https:\/\/www.garbiprofesional.com\/fr\/wp-json\/wp\/v2\/types\/product"}],"replies":[{"embeddable":true,"href":"https:\/\/www.garbiprofesional.com\/fr\/wp-json\/wp\/v2\/comments?post=3127"}],"wp:featuredmedia":[{"embeddable":true,"href":"https:\/\/www.garbiprofesional.com\/fr\/wp-json\/wp\/v2\/media\/5192"}],"wp:attachment":[{"href":"https:\/\/www.garbiprofesional.com\/fr\/wp-json\/wp\/v2\/media?parent=3127"}],"wp:term":[{"taxonomy":"product_brand","embeddable":true,"href":"https:\/\/www.garbiprofesional.com\/fr\/wp-json\/wp\/v2\/product_brand?post=3127"},{"taxonomy":"product_cat","embeddable":true,"href":"https:\/\/www.garbiprofesional.com\/fr\/wp-json\/wp\/v2\/product_cat?post=3127"},{"taxonomy":"product_tag","embeddable":true,"href":"https:\/\/www.garbiprofesional.com\/fr\/wp-json\/wp\/v2\/product_tag?post=3127"}],"curies":[{"name":"wp","href":"https:\/\/api.w.org\/{rel}","templated":true}]}}