{"id":3314,"date":"2022-07-28T11:04:25","date_gmt":"2017-03-28T11:04:25","guid":{"rendered":"https:\/\/www.garbiprofesional.com\/new\/product\/papel-cocina-2-rollos-b7102\/"},"modified":"2024-06-11T07:32:51","modified_gmt":"2024-06-11T07:32:51","slug":"papier-essuie-tout-2-rouleaux-b9108","status":"publish","type":"product","link":"https:\/\/www.garbiprofesional.com\/fr\/produit\/papier-essuie-tout-2-rouleaux-b9108\/","title":{"rendered":"PAPIER ESSUIE-TOUT x2 (BGA02S0402)"},"content":{"rendered":"<p>Papier essuie-tout, dot\u00e9 d&rsquo;une grande r\u00e9sistance et d&rsquo;une grande capacit\u00e9 d&rsquo;absorption.<\/p>\n","protected":false},"excerpt":{"rendered":"<p>Papier essuie-tout, dot\u00e9 d&rsquo;une grande r\u00e9sistance et d&rsquo;une grande capacit\u00e9 d&rsquo;absorption.<\/p>\n","protected":false},"featured_media":5208,"comment_status":"open","ping_status":"closed","template":"","meta":{"_acf_changed":false,"inline_featured_image":false},"product_brand":[],"product_cat":[118],"product_tag":[],"class_list":{"0":"post-3314","1":"product","2":"type-product","3":"status-publish","4":"has-post-thumbnail","6":"product_cat-rouleaux-essuie-tout","8":"first","9":"instock","10":"shipping-taxable","11":"purchasable","12":"product-type-simple"},"acf":[],"_links":{"self":[{"href":"https:\/\/www.garbiprofesional.com\/fr\/wp-json\/wp\/v2\/product\/3314","targetHints":{"allow":["GET"]}}],"collection":[{"href":"https:\/\/www.garbiprofesional.com\/fr\/wp-json\/wp\/v2\/product"}],"about":[{"href":"https:\/\/www.garbiprofesional.com\/fr\/wp-json\/wp\/v2\/types\/product"}],"replies":[{"embeddable":true,"href":"https:\/\/www.garbiprofesional.com\/fr\/wp-json\/wp\/v2\/comments?post=3314"}],"wp:featuredmedia":[{"embeddable":true,"href":"https:\/\/www.garbiprofesional.com\/fr\/wp-json\/wp\/v2\/media\/5208"}],"wp:attachment":[{"href":"https:\/\/www.garbiprofesional.com\/fr\/wp-json\/wp\/v2\/media?parent=3314"}],"wp:term":[{"taxonomy":"product_brand","embeddable":true,"href":"https:\/\/www.garbiprofesional.com\/fr\/wp-json\/wp\/v2\/product_brand?post=3314"},{"taxonomy":"product_cat","embeddable":true,"href":"https:\/\/www.garbiprofesional.com\/fr\/wp-json\/wp\/v2\/product_cat?post=3314"},{"taxonomy":"product_tag","embeddable":true,"href":"https:\/\/www.garbiprofesional.com\/fr\/wp-json\/wp\/v2\/product_tag?post=3314"}],"curies":[{"name":"wp","href":"https:\/\/api.w.org\/{rel}","templated":true}]}}