{"id":3344,"date":"2022-06-02T15:37:18","date_gmt":"2022-06-02T15:37:18","guid":{"rendered":"https:\/\/www.garbiprofesional.com\/new\/product\/secamanos-6-rollos-300-serv-h3001\/"},"modified":"2025-09-22T15:39:17","modified_gmt":"2025-09-22T15:39:17","slug":"bonine-essuie-mains-6-r-300-services-h3001","status":"publish","type":"product","link":"https:\/\/www.garbiprofesional.com\/fr\/produit\/bonine-essuie-mains-6-r-300-services-h3001\/","title":{"rendered":"ESSUIE-MAINS x6 300s (HGA0671002)"},"content":{"rendered":"<p>Bobine essuie-mains mecha, dot\u00e9e d&rsquo;une grande r\u00e9sistance. Plus absorbante, elle permet une grande capacit\u00e9 de nettoyage. Longue dur\u00e9e.<\/p>\n","protected":false},"excerpt":{"rendered":"<p>Bobine essuie-mains mecha, dot\u00e9e d&rsquo;une grande r\u00e9sistance. Plus absorbante, elle permet une grande capacit\u00e9 de nettoyage. Longue dur\u00e9e.<\/p>\n","protected":false},"featured_media":5112,"comment_status":"open","ping_status":"closed","template":"","meta":{"_acf_changed":false,"inline_featured_image":false},"product_brand":[],"product_cat":[104],"product_tag":[],"class_list":{"0":"post-3344","1":"product","2":"type-product","3":"status-publish","4":"has-post-thumbnail","6":"product_cat-essuie-mains","8":"first","9":"instock","10":"shipping-taxable","11":"purchasable","12":"product-type-simple"},"acf":[],"_links":{"self":[{"href":"https:\/\/www.garbiprofesional.com\/fr\/wp-json\/wp\/v2\/product\/3344","targetHints":{"allow":["GET"]}}],"collection":[{"href":"https:\/\/www.garbiprofesional.com\/fr\/wp-json\/wp\/v2\/product"}],"about":[{"href":"https:\/\/www.garbiprofesional.com\/fr\/wp-json\/wp\/v2\/types\/product"}],"replies":[{"embeddable":true,"href":"https:\/\/www.garbiprofesional.com\/fr\/wp-json\/wp\/v2\/comments?post=3344"}],"wp:featuredmedia":[{"embeddable":true,"href":"https:\/\/www.garbiprofesional.com\/fr\/wp-json\/wp\/v2\/media\/5112"}],"wp:attachment":[{"href":"https:\/\/www.garbiprofesional.com\/fr\/wp-json\/wp\/v2\/media?parent=3344"}],"wp:term":[{"taxonomy":"product_brand","embeddable":true,"href":"https:\/\/www.garbiprofesional.com\/fr\/wp-json\/wp\/v2\/product_brand?post=3344"},{"taxonomy":"product_cat","embeddable":true,"href":"https:\/\/www.garbiprofesional.com\/fr\/wp-json\/wp\/v2\/product_cat?post=3344"},{"taxonomy":"product_tag","embeddable":true,"href":"https:\/\/www.garbiprofesional.com\/fr\/wp-json\/wp\/v2\/product_tag?post=3344"}],"curies":[{"name":"wp","href":"https:\/\/api.w.org\/{rel}","templated":true}]}}