{"id":3362,"date":"2022-06-28T10:31:08","date_gmt":"2018-09-28T10:31:08","guid":{"rendered":"https:\/\/www.garbiprofesional.com\/new\/product\/hig-jumbo-18-rollos-257-serv-i3020\/"},"modified":"2024-03-04T13:34:20","modified_gmt":"2024-03-04T13:34:20","slug":"papier-hyg-jumbo-18-r-257-serv-i4022","status":"publish","type":"product","link":"https:\/\/www.garbiprofesional.com\/fr\/produit\/papier-hyg-jumbo-18-r-257-serv-i4022\/","title":{"rendered":"PAPIER HYGI\u00c9NIQUE JUMBO x18 257s (IGA1840902)"},"content":{"rendered":"<p>Papier hygi\u00e9nique professionnel, son gaufrage Premium lui donne une plus grande douceur et une plus grande r\u00e9sistance. Longue dur\u00e9e.<\/p>\n","protected":false},"excerpt":{"rendered":"<p>Papier hygi\u00e9nique professionnel, son gaufrage Premium lui donne une plus grande douceur et une plus grande r\u00e9sistance. Longue dur\u00e9e.<\/p>\n","protected":false},"featured_media":5100,"comment_status":"open","ping_status":"closed","template":"","meta":{"_acf_changed":false,"inline_featured_image":false},"product_brand":[],"product_cat":[138],"product_tag":[],"class_list":{"0":"post-3362","1":"product","2":"type-product","3":"status-publish","4":"has-post-thumbnail","6":"product_cat-papier-hygienique-industriel","8":"first","9":"instock","10":"shipping-taxable","11":"purchasable","12":"product-type-simple"},"acf":[],"_links":{"self":[{"href":"https:\/\/www.garbiprofesional.com\/fr\/wp-json\/wp\/v2\/product\/3362","targetHints":{"allow":["GET"]}}],"collection":[{"href":"https:\/\/www.garbiprofesional.com\/fr\/wp-json\/wp\/v2\/product"}],"about":[{"href":"https:\/\/www.garbiprofesional.com\/fr\/wp-json\/wp\/v2\/types\/product"}],"replies":[{"embeddable":true,"href":"https:\/\/www.garbiprofesional.com\/fr\/wp-json\/wp\/v2\/comments?post=3362"}],"wp:featuredmedia":[{"embeddable":true,"href":"https:\/\/www.garbiprofesional.com\/fr\/wp-json\/wp\/v2\/media\/5100"}],"wp:attachment":[{"href":"https:\/\/www.garbiprofesional.com\/fr\/wp-json\/wp\/v2\/media?parent=3362"}],"wp:term":[{"taxonomy":"product_brand","embeddable":true,"href":"https:\/\/www.garbiprofesional.com\/fr\/wp-json\/wp\/v2\/product_brand?post=3362"},{"taxonomy":"product_cat","embeddable":true,"href":"https:\/\/www.garbiprofesional.com\/fr\/wp-json\/wp\/v2\/product_cat?post=3362"},{"taxonomy":"product_tag","embeddable":true,"href":"https:\/\/www.garbiprofesional.com\/fr\/wp-json\/wp\/v2\/product_tag?post=3362"}],"curies":[{"name":"wp","href":"https:\/\/api.w.org\/{rel}","templated":true}]}}