{"id":3393,"date":"2022-04-10T11:32:14","date_gmt":"2017-06-20T11:32:14","guid":{"rendered":"https:\/\/www.garbiprofesional.com\/new\/product\/dosificador-de-jabon-pb0004\/"},"modified":"2022-09-01T11:51:27","modified_gmt":"2022-09-01T11:51:27","slug":"distributeur-de-savon-pb0004","status":"publish","type":"product","link":"https:\/\/www.garbiprofesional.com\/fr\/produit\/distributeur-de-savon-pb0004\/","title":{"rendered":"DISTRIBUTEUR DE SAVON (PB0004)"},"content":{"rendered":"<p>Distributeur fabriqu\u00e9 en ABS avec syst\u00e8me anti-goutte et fermeture \u00e0 cl\u00e9 de s\u00e9curit\u00e9.<\/p>\n","protected":false},"excerpt":{"rendered":"<p>Distributeur fabriqu\u00e9 en ABS avec syst\u00e8me anti-goutte et fermeture \u00e0 cl\u00e9 de s\u00e9curit\u00e9.<\/p>\n","protected":false},"featured_media":630,"comment_status":"open","ping_status":"closed","template":"","meta":{"_acf_changed":false,"inline_featured_image":false},"product_brand":[],"product_cat":[124],"product_tag":[],"class_list":{"0":"post-3393","1":"product","2":"type-product","3":"status-publish","4":"has-post-thumbnail","6":"product_cat-distributeurs","8":"first","9":"instock","10":"shipping-taxable","11":"purchasable","12":"product-type-simple"},"acf":[],"_links":{"self":[{"href":"https:\/\/www.garbiprofesional.com\/fr\/wp-json\/wp\/v2\/product\/3393","targetHints":{"allow":["GET"]}}],"collection":[{"href":"https:\/\/www.garbiprofesional.com\/fr\/wp-json\/wp\/v2\/product"}],"about":[{"href":"https:\/\/www.garbiprofesional.com\/fr\/wp-json\/wp\/v2\/types\/product"}],"replies":[{"embeddable":true,"href":"https:\/\/www.garbiprofesional.com\/fr\/wp-json\/wp\/v2\/comments?post=3393"}],"wp:featuredmedia":[{"embeddable":true,"href":"https:\/\/www.garbiprofesional.com\/fr\/wp-json\/wp\/v2\/media\/630"}],"wp:attachment":[{"href":"https:\/\/www.garbiprofesional.com\/fr\/wp-json\/wp\/v2\/media?parent=3393"}],"wp:term":[{"taxonomy":"product_brand","embeddable":true,"href":"https:\/\/www.garbiprofesional.com\/fr\/wp-json\/wp\/v2\/product_brand?post=3393"},{"taxonomy":"product_cat","embeddable":true,"href":"https:\/\/www.garbiprofesional.com\/fr\/wp-json\/wp\/v2\/product_cat?post=3393"},{"taxonomy":"product_tag","embeddable":true,"href":"https:\/\/www.garbiprofesional.com\/fr\/wp-json\/wp\/v2\/product_tag?post=3393"}],"curies":[{"name":"wp","href":"https:\/\/api.w.org\/{rel}","templated":true}]}}