{"id":3804,"date":"2022-06-01T00:15:37","date_gmt":"2022-06-01T00:15:37","guid":{"rendered":"https:\/\/www.garbiprofesional.com\/?post_type=product&#038;p=3804"},"modified":"2024-06-25T08:30:25","modified_gmt":"2024-06-25T08:30:25","slug":"essuie-mains-autocut-6-r-200-m-h0017","status":"publish","type":"product","link":"https:\/\/www.garbiprofesional.com\/fr\/produit\/essuie-mains-autocut-6-r-200-m-h0017\/","title":{"rendered":"ESSUIE-MAINS  AUTOCUT x6 200m (HGA0642002)"},"content":{"rendered":"<p>Bobine essuie-mains autocut, dot\u00e9e d\u2019une grande r\u00e9sistance. Plus absorbante, elle permet une grande capacit\u00e9 de nettoyage. Longue dur\u00e9e.<\/p>\n","protected":false},"excerpt":{"rendered":"<p>Bobine essuie-mains autocut, dot\u00e9e d\u2019une grande r\u00e9sistance. Plus absorbante, elle permet une grande capacit\u00e9 de nettoyage. Longue dur\u00e9e.<\/p>\n","protected":false},"featured_media":4843,"comment_status":"open","ping_status":"closed","template":"","meta":{"_acf_changed":false,"inline_featured_image":false},"product_brand":[],"product_cat":[104],"product_tag":[],"class_list":{"0":"post-3804","1":"product","2":"type-product","3":"status-publish","4":"has-post-thumbnail","6":"product_cat-essuie-mains","8":"first","9":"instock","10":"featured","11":"shipping-taxable","12":"purchasable","13":"product-type-simple"},"acf":[],"_links":{"self":[{"href":"https:\/\/www.garbiprofesional.com\/fr\/wp-json\/wp\/v2\/product\/3804","targetHints":{"allow":["GET"]}}],"collection":[{"href":"https:\/\/www.garbiprofesional.com\/fr\/wp-json\/wp\/v2\/product"}],"about":[{"href":"https:\/\/www.garbiprofesional.com\/fr\/wp-json\/wp\/v2\/types\/product"}],"replies":[{"embeddable":true,"href":"https:\/\/www.garbiprofesional.com\/fr\/wp-json\/wp\/v2\/comments?post=3804"}],"wp:featuredmedia":[{"embeddable":true,"href":"https:\/\/www.garbiprofesional.com\/fr\/wp-json\/wp\/v2\/media\/4843"}],"wp:attachment":[{"href":"https:\/\/www.garbiprofesional.com\/fr\/wp-json\/wp\/v2\/media?parent=3804"}],"wp:term":[{"taxonomy":"product_brand","embeddable":true,"href":"https:\/\/www.garbiprofesional.com\/fr\/wp-json\/wp\/v2\/product_brand?post=3804"},{"taxonomy":"product_cat","embeddable":true,"href":"https:\/\/www.garbiprofesional.com\/fr\/wp-json\/wp\/v2\/product_cat?post=3804"},{"taxonomy":"product_tag","embeddable":true,"href":"https:\/\/www.garbiprofesional.com\/fr\/wp-json\/wp\/v2\/product_tag?post=3804"}],"curies":[{"name":"wp","href":"https:\/\/api.w.org\/{rel}","templated":true}]}}