{"id":4376,"date":"2023-10-11T10:11:18","date_gmt":"2023-10-11T10:11:18","guid":{"rendered":"https:\/\/www.garbiprofesional.com\/?post_type=product&#038;p=4376"},"modified":"2024-02-29T21:21:43","modified_gmt":"2024-02-29T21:21:43","slug":"papier-hygienique-std-12-r-aga12s1502-copia","status":"publish","type":"product","link":"https:\/\/www.garbiprofesional.com\/fr\/produit\/papier-hygienique-std-12-r-aga12s1502-copia\/","title":{"rendered":"PAPIER HYGI\u00c9NIQUE STANDARD NATURA x12"},"content":{"rendered":"<p>Papier hygi\u00e9nique, sans agents blanchissants chimiques, dot\u00e9 d\u2019une grande douceur et d\u2019une grande r\u00e9sistance.<\/p>\n","protected":false},"excerpt":{"rendered":"<p>Papier hygi\u00e9nique, sans agents blanchissants chimiques, dot\u00e9 d\u2019une grande douceur et d\u2019une grande r\u00e9sistance.<\/p>\n","protected":false},"featured_media":4546,"comment_status":"open","ping_status":"closed","template":"","meta":{"_acf_changed":false,"inline_featured_image":false},"product_brand":[],"product_cat":[143],"product_tag":[],"class_list":{"0":"post-4376","1":"product","2":"type-product","3":"status-publish","4":"has-post-thumbnail","6":"product_cat-papier-sans-agents-blanchissants","8":"first","9":"instock","10":"shipping-taxable","11":"purchasable","12":"product-type-simple"},"acf":[],"_links":{"self":[{"href":"https:\/\/www.garbiprofesional.com\/fr\/wp-json\/wp\/v2\/product\/4376","targetHints":{"allow":["GET"]}}],"collection":[{"href":"https:\/\/www.garbiprofesional.com\/fr\/wp-json\/wp\/v2\/product"}],"about":[{"href":"https:\/\/www.garbiprofesional.com\/fr\/wp-json\/wp\/v2\/types\/product"}],"replies":[{"embeddable":true,"href":"https:\/\/www.garbiprofesional.com\/fr\/wp-json\/wp\/v2\/comments?post=4376"}],"wp:featuredmedia":[{"embeddable":true,"href":"https:\/\/www.garbiprofesional.com\/fr\/wp-json\/wp\/v2\/media\/4546"}],"wp:attachment":[{"href":"https:\/\/www.garbiprofesional.com\/fr\/wp-json\/wp\/v2\/media?parent=4376"}],"wp:term":[{"taxonomy":"product_brand","embeddable":true,"href":"https:\/\/www.garbiprofesional.com\/fr\/wp-json\/wp\/v2\/product_brand?post=4376"},{"taxonomy":"product_cat","embeddable":true,"href":"https:\/\/www.garbiprofesional.com\/fr\/wp-json\/wp\/v2\/product_cat?post=4376"},{"taxonomy":"product_tag","embeddable":true,"href":"https:\/\/www.garbiprofesional.com\/fr\/wp-json\/wp\/v2\/product_tag?post=4376"}],"curies":[{"name":"wp","href":"https:\/\/api.w.org\/{rel}","templated":true}]}}