{"id":4404,"date":"2021-10-11T10:47:22","date_gmt":"2021-10-11T10:47:22","guid":{"rendered":"https:\/\/www.garbiprofesional.com\/?post_type=product&#038;p=4404"},"modified":"2024-02-12T11:42:16","modified_gmt":"2024-02-12T11:42:16","slug":"rouleau-essuie-tout-xl-f4117-copia","status":"publish","type":"product","link":"https:\/\/www.garbiprofesional.com\/fr\/produit\/rouleau-essuie-tout-xl-f4117-copia\/","title":{"rendered":"ROULEAU ESSUIE-TOUT NATURA"},"content":{"rendered":"<p>Rouleau essuie-tout, 70m, sans agents blanchissants chimiques, dot\u00e9 d&rsquo;une grande r\u00e9sistance et d&rsquo;une grande capacit\u00e9 d&rsquo;absorption.<\/p>\n","protected":false},"excerpt":{"rendered":"<p>Rouleau essuie-tout, 70m, sans agents blanchissants chimiques, dot\u00e9 d&rsquo;une grande r\u00e9sistance et d&rsquo;une grande capacit\u00e9 d&rsquo;absorption.<\/p>\n","protected":false},"featured_media":4558,"comment_status":"open","ping_status":"closed","template":"","meta":{"_acf_changed":false,"inline_featured_image":false},"product_brand":[],"product_cat":[143],"product_tag":[],"class_list":{"0":"post-4404","1":"product","2":"type-product","3":"status-publish","4":"has-post-thumbnail","6":"product_cat-papier-sans-agents-blanchissants","8":"first","9":"instock","10":"featured","11":"shipping-taxable","12":"purchasable","13":"product-type-simple"},"acf":[],"_links":{"self":[{"href":"https:\/\/www.garbiprofesional.com\/fr\/wp-json\/wp\/v2\/product\/4404","targetHints":{"allow":["GET"]}}],"collection":[{"href":"https:\/\/www.garbiprofesional.com\/fr\/wp-json\/wp\/v2\/product"}],"about":[{"href":"https:\/\/www.garbiprofesional.com\/fr\/wp-json\/wp\/v2\/types\/product"}],"replies":[{"embeddable":true,"href":"https:\/\/www.garbiprofesional.com\/fr\/wp-json\/wp\/v2\/comments?post=4404"}],"wp:featuredmedia":[{"embeddable":true,"href":"https:\/\/www.garbiprofesional.com\/fr\/wp-json\/wp\/v2\/media\/4558"}],"wp:attachment":[{"href":"https:\/\/www.garbiprofesional.com\/fr\/wp-json\/wp\/v2\/media?parent=4404"}],"wp:term":[{"taxonomy":"product_brand","embeddable":true,"href":"https:\/\/www.garbiprofesional.com\/fr\/wp-json\/wp\/v2\/product_brand?post=4404"},{"taxonomy":"product_cat","embeddable":true,"href":"https:\/\/www.garbiprofesional.com\/fr\/wp-json\/wp\/v2\/product_cat?post=4404"},{"taxonomy":"product_tag","embeddable":true,"href":"https:\/\/www.garbiprofesional.com\/fr\/wp-json\/wp\/v2\/product_tag?post=4404"}],"curies":[{"name":"wp","href":"https:\/\/api.w.org\/{rel}","templated":true}]}}