{"id":5420,"date":"2025-12-18T15:04:01","date_gmt":"2025-12-18T15:04:01","guid":{"rendered":"https:\/\/www.garbiprofesional.com\/?post_type=product&#038;p=5420"},"modified":"2025-12-18T15:48:25","modified_gmt":"2025-12-18T15:48:25","slug":"serviettes-de-table-33x33-cga42s1002-copia","status":"publish","type":"product","link":"https:\/\/www.garbiprofesional.com\/fr\/produit\/serviettes-de-table-33x33-cga42s1002-copia\/","title":{"rendered":"SERVIETTES DE TABLE 30&#215;30 70s (CGA30S070101)"},"content":{"rendered":"<p>Serviettes \u00e0 1 pli \u00e9paisseur offrant une douceur extr\u00eame et une r\u00e9sistance \u00e9lev\u00e9e \u00e0 l\u2019humidit\u00e9.<\/p>\n","protected":false},"excerpt":{"rendered":"<p>Serviettes \u00e0 1 pli \u00e9paisseur offrant une douceur extr\u00eame et une r\u00e9sistance \u00e9lev\u00e9e \u00e0 l\u2019humidit\u00e9.<\/p>\n","protected":false},"featured_media":5428,"comment_status":"open","ping_status":"closed","template":"","meta":{"_acf_changed":false,"inline_featured_image":false},"product_brand":[],"product_cat":[149],"product_tag":[],"class_list":{"0":"post-5420","1":"product","2":"type-product","3":"status-publish","4":"has-post-thumbnail","6":"product_cat-serviettes","8":"first","9":"instock","10":"shipping-taxable","11":"purchasable","12":"product-type-simple"},"acf":[],"_links":{"self":[{"href":"https:\/\/www.garbiprofesional.com\/fr\/wp-json\/wp\/v2\/product\/5420","targetHints":{"allow":["GET"]}}],"collection":[{"href":"https:\/\/www.garbiprofesional.com\/fr\/wp-json\/wp\/v2\/product"}],"about":[{"href":"https:\/\/www.garbiprofesional.com\/fr\/wp-json\/wp\/v2\/types\/product"}],"replies":[{"embeddable":true,"href":"https:\/\/www.garbiprofesional.com\/fr\/wp-json\/wp\/v2\/comments?post=5420"}],"wp:featuredmedia":[{"embeddable":true,"href":"https:\/\/www.garbiprofesional.com\/fr\/wp-json\/wp\/v2\/media\/5428"}],"wp:attachment":[{"href":"https:\/\/www.garbiprofesional.com\/fr\/wp-json\/wp\/v2\/media?parent=5420"}],"wp:term":[{"taxonomy":"product_brand","embeddable":true,"href":"https:\/\/www.garbiprofesional.com\/fr\/wp-json\/wp\/v2\/product_brand?post=5420"},{"taxonomy":"product_cat","embeddable":true,"href":"https:\/\/www.garbiprofesional.com\/fr\/wp-json\/wp\/v2\/product_cat?post=5420"},{"taxonomy":"product_tag","embeddable":true,"href":"https:\/\/www.garbiprofesional.com\/fr\/wp-json\/wp\/v2\/product_tag?post=5420"}],"curies":[{"name":"wp","href":"https:\/\/api.w.org\/{rel}","templated":true}]}}